{"id":690,"date":"2021-02-14T21:21:12","date_gmt":"2021-02-15T05:21:12","guid":{"rendered":"https:\/\/mlml.sjsu.edu\/psrc\/?page_id=690"},"modified":"2021-02-15T17:09:18","modified_gmt":"2021-02-16T01:09:18","slug":"2016-2020","status":"publish","type":"page","link":"https:\/\/mlml.sjsu.edu\/psrc\/2016-2020\/","title":{"rendered":"2016-2020"},"content":{"rendered":"<div id=\"pl-690\"  class=\"panel-layout\" ><div id=\"pg-690-0\"  class=\"panel-grid panel-no-style\" ><div id=\"pgc-690-0-0\"  class=\"panel-grid-cell\" ><div id=\"panel-690-0-0-0\" class=\"so-panel widget widget_text panel-first-child panel-last-child\" data-index=\"0\" >\t\t\t<div class=\"textwidget\"><h1>PSRC Publications 2016-2020<\/h1>\n<h2>2019<\/h2>\n<p><span style=\"font-weight: 400\">*Student (current and former) co-author names are <span style=\"text-decoration: underline\">underlined<\/span><\/span><\/p>\n<p><strong>Ebert, D.A.<\/strong> &amp; Leslie, R.W. 2019. <em>Leucoraja elaineae<\/em> n. sp., a new species of skate (Rajiformes: Rajidae) from the Western Indian Ocean. Zootaxa, 469(3): 225-234.<\/p>\n<p>Kuhnz, L.A., Bizzarro, J.J., &amp; <strong>Ebert, D.A.<\/strong> 2019. In situ observations of deep-living skates in the eastern North Pacific. Deepsea Research I, 152:<\/p>\n<p><strong>Ebert, D.A.<\/strong>, Akhilesh, K.V., &amp; Weigmann, S. 2019. <em>Planonasus indicus<\/em> n. sp., a new species of pygmy false catshark (Chondrichthyes: Carcharhiniformes: Pseudotriakidae), with a revised diagnosis of the genus and key to the family. Marine Biodiversity, 49:1321-1341.<\/p>\n<p>Concha, F.J., Caira, J.N., <strong>Ebert, D.A.,<\/strong> &amp; Pompert, J. 2019. Redescription and taxonomic status of <em>Dipturus chilensis<\/em> (Guichenot, 1848), and description of <em>Dipturus lamillai<\/em> sp. nov. (Rajiformes: Rajidae), a new species of long-snout skate from the Falkland Islands, Southwest Atlantic Ocean. Zootaxa, 4590(5): 501-524.<\/p>\n<p>Fernando, D., Bown, R.M.K., Tanna, A., Gobiraj, R., Ralicki, H., Jockusch, E.L., <strong>Ebert, D.A.<\/strong>, Jensen, K., &amp; Caira, J.N. 2019. New insights into the identities of the elasmobranch fauna of Sri Lanka. Zootaxa, 4585(2): 201-238.<\/p>\n<p>Jew, M., <strong>Ebert, D.A.<\/strong>, <span style=\"text-decoration: underline\">Kemper, J.M.<\/span>, Walovich. K. &amp; Quaranta, K.L. 2019. Correction to: Redescription of the bigeye chimaera, <em>Hydrolagus <\/em><em>macrophthalmus<\/em> de Buen, 1959 (Chondrichthyes: Chimaeriformes), with a genetic characterization of the species. Marine Biodiversity, 49: 1615-1616.<\/p>\n<p>Jew, M., <strong>Ebert, D.A.<\/strong>, <span style=\"text-decoration: underline\">Kemper, J.M<\/span>., Walovich. K. &amp; Quaranta, K.L. 2019. Redescription of the bigeye chimaera, <em>Hydrolagus macrophthalmus<\/em> de Buen, 1959 (Chondrichthyes: Chimaeriformes), with a genetic characterization of the species. Marine Biodiversity, 49: 1605-1614.<\/p>\n<h2>2018<\/h2>\n<p><span style=\"font-weight: 400\">*Student (current and former) co-author names are <span style=\"text-decoration: underline\">underlined<\/span><\/span><\/p>\n<p><strong>Ebert, D.A.<\/strong>, &amp; <span style=\"text-decoration: underline\">van Hees, K.E.<\/span> 2018. <em>Etmopterus marshae<\/em> n. sp., a new lanternshark (Squaliformes : Etmopteridae) from the Philippine Islands. Zootaxa, 4508(2): 197-210.<\/p>\n<p>Cerutti-Pereyra, F., Yanez, A.B., <strong>Ebert, D.A.<\/strong>, Arnes-Urgelles, C., &amp; Salinas-de-Leon, P. 2018. New record and range extension of the Deepsea Skate, <em>Bathyraja abyssicola<\/em> (Chondrichthes: Arhynchobatidae), in the Galapagos Islands. Journal \u00a0\u00a0\u00a0 of the Ocean Science Foundation, 30, 85-89. doi: http:\/\/dx.doi.org\/10.5281\/zenodo.1400829<\/p>\n<p>Fahmi &amp; <strong>Ebert, D.A.<\/strong> 2018. <em>Parmaturus nigripalatum<\/em> n. sp., a new species of deep-sea catshark (Chondrichthyes: Carcaharhiniformes: Scyliorhinidae) from Indonesia. Zootaxa, 4413(3): 531-540.<\/p>\n<p>Jabado, R.W., Kyne, P.M., Pollom, R.A., <strong>Ebert, D.A.<\/strong>, Simpfendorfer, C.A., Ralph, G.M., Al Dhaheri, S.S., Akhilesh, K.V., Ali, K., Ali, M.H., Al Mamari, T.M.S., Bineesh, K.K., El Hassan, I.S., Fernando, D., Grandcourt, E.M., Khan, M.M., Moore, A.B.M., Owfi, F., Robinson, D.P., Romanov, E., Soares, A-L, Spaet, J.L.Y., Tesfamichael, D., Valinassab, T., Dulvy, N.K. 2018. Troubled waters: threats and extinction risk of the sharks, rays, and chimeras of the Arabian Sea and adjacent waters. Fish and Fisheries, 19: 1043-1062.<\/p>\n<p>Salinas-de-Leon, P., Phillips, B., <strong>Ebert, D.A.<\/strong>, Shivji, M., Cerutti-Pereyra, F., Ruck, C., Fisher, C.R., &amp; Marsh, L. 2018. Deep-sea hydrothermal vents as natural egg-case incubators at the Galapagos Rift. Scientific Reports, (2018) 8: 1788, DOI: 10.1038\/s41598-018-20046-4<\/p>\n<h2>2017<\/h2>\n<p><span style=\"font-weight: 400\">*Student (current and former) co-author names are <span style=\"text-decoration: underline\">underlined<\/span><\/span><\/p>\n<p><strong>Ebert, D.A.<\/strong>, <span style=\"text-decoration: underline\">Bigman, J.S.<\/span>, &amp; <span style=\"text-decoration: underline\">Lawson, J.M.<\/span> 2017. Biodiversity, life history, and conservation of northeastern Pacific Chondrichthyans. Larson, S. &amp; Lowry, D. (eds). Advances in Marine Biology. 9-78 pp.<\/p>\n<p><strong>Ebert, D.A.<\/strong> 2017. Rays of the World edited by Peter R. Last, William T. White, Marcelo R. de Carvalho, Bernard, S\u00e9ret, Matthias F.W. Stehmann, and Gavin J.P. \u00a0\u00a0\u00a0\u00a0\u00a0 Naylor. The Quarterly Review of Biology, 92(3): 342-343.<\/p>\n<p><strong>Ebert, D.A.<\/strong> 2017. Shining a \u201cray\u201d of light on the world\u2019s batoid fishes. Reviewing: Rays of the world. Environmental Biology Fishes, 100: 1019-1021.<\/p>\n<p><strong>Ebert, D.A.<\/strong>, De Silva, R.I., &amp; Goonewardena, M.L. 2017. First record of the dwarf false catchark, <em>Planonasus parini<\/em> (Carcharhiniformes: Pseudotriakidae) from Sri Lanka. Loris, 27 (5 &amp; 6): 63-64. December 2016 [2017]<\/p>\n<p><strong>Ebert, D.A.<\/strong> &amp; Gon, O. 2017. A new species of guitarfish (Rhinopristiformes: Rhinobatidae: <em>Rhinobatos<\/em>) from the southwestern Indian Ocean. Zootaxa, 4276(2): 204-214.<\/p>\n<p><strong>Ebert, D.A.<\/strong>, Papastamatiou, Y.P., Kajiura, S.M., &amp; Wetherbee, B.M. 2017. <em>Etmopterus lailae<\/em> sp. Nov., a new lanternshark (Squaliformes : Etmopteridae) from the Northwestern Hawaiian Islands. Zootaxa, 4237(2) : 371-382.<\/p>\n<p><span style=\"text-decoration: underline\">Clerkin, P.J.<\/span>, <strong>Ebert, D.A.<\/strong>, <span style=\"text-decoration: underline\">Kemper, J.M.<\/span> 2017. New species of <em>Chimaera<\/em> (Chondrichthyes: Holocephali: Chimaeriformes: Chimaeridae) from the southwestern Indian Ocean. Zootaxa 4312(1): 1-37.<\/p>\n<p>Erratum: Weigmann, S., <strong>Ebert, D.A.<\/strong>,\u00a0 <span style=\"text-decoration: underline\">Clerkin, P.J.<\/span>, Stehmann, M., &amp; Naylor, G.J.P. 2017. <em>Bythaelurus bachi<\/em> n. sp., a new deep-water catshark (Carcharhiniformes, Scyliorhinidae) from the southwestern Indian Ocean. Zootaxa, 4243 (3): 600-600.<\/p>\n<p>Fahmi &amp; Ebert, D.A. 2017. First record of blurred smooth lanternshark, <em>Etmopterus<\/em> <em>bigelowi<\/em> from Indonesia. Journal of Ichthyology, 57(5): 780-786.<\/p>\n<p><span style=\"text-decoration: underline\">Kemper, J.M.<\/span>, <strong>Bizzarro, J.J.<\/strong>, &amp; <strong>Ebert, D.A.<\/strong> 2017. Dietary variability in two common Alaskan skates (<em>Bathyraja interrupta<\/em> and <em>Raja rhina<\/em>). Marine Biology, 164:52-74.<\/p>\n<p>King, J.R., Helser, T., Gburski, C., <strong>Ebert, D.A.<\/strong>, <strong>Cailliet, G.M.<\/strong>, &amp; Kastelle, C. 2017. Bomb radiocarbon analyses and age determination of longnose skate (<em>Raja rhina<\/em>) \u00a0 and big skate (<em>Beringraja binoculata<\/em>) in the North Pacific Ocean. Fisheries Research, 193:195-206.<\/p>\n<p>Matta, M.E., Tribuzio, C.A., <strong>Ebert, D.A.<\/strong>, Goldman, K.J., &amp; Gburski, C.M. 2017. (eds) Larson, S. &amp; Lowry, D. Advances in Marine Biology. Age and growth of elasmobranchs and applications to fisheries management and conservation in the northeastern Pacific Ocean. 179-220 pp.<\/p>\n<p><span style=\"text-decoration: underline\">Valenzuela-Quinonez, F.<\/span>, Galvan-Magana, F., <strong>Ebert, D.A.<\/strong>, Aragon-Noriega, E. 2017. Feeding habits and trophic level of the shovelnose guitarfish (<em>Pseudobatos \u00a0 productus<\/em>) using stable isotope analysis in the upper Gulf of California. Journal of the Marine Biology Association of the United Kingdom.<\/p>\n<p><span style=\"text-decoration: underline\">van Hees, K.E.<\/span> &amp; <strong>Ebert, D.A. 2017<\/strong>. An evaluation of mercury offloading in two central California elasmobranchs. Science of the Total Environment, 590-591 (2017) \u00a0 154-162.<\/p>\n<p><span style=\"text-decoration: underline\">Viana, S.T. de F.L.<\/span>, de Carvalho, M.R., &amp; <strong>Ebert, D.A.<\/strong> 2017. <em>Squalus bassi<\/em> sp. nov., a new long-snouted spurdog (Chondrichthyes: Squaliformes: Squalidae) from the Agulhas Bank. Journal Fish Biology.<\/p>\n<p><span style=\"text-decoration: underline\">Walovich, K.A.<\/span>, Ebert, D.A., &amp; <span style=\"text-decoration: underline\">Kemper, J.M.<\/span> 2017. <em>Hydrolagus erithacus<\/em> sp. nov. (Chimaeriformes: Chimaeridae), a new species of chimaerid from southeastern Atlantic and southwestern Indian oceans. Zootaxa, 4226(4): 509-520.<\/p>\n<p>White, W.T., <strong>Ebert, D.A.<\/strong>, Mana, R.R., Corrigan, S. 2017. <em>Etmopterus samadiae<\/em> n. sp., a new lanternshark (Squaliformes: Etmopteridae) from Papua New Guinea. Zootaxa, 4244(3): 339-354.<\/p>\n<p>White, W.T., <strong>Ebert, D.A.<\/strong>, &amp; Naylor, G.J.P. 2017. Revision of the genus <em>Centrophorus <\/em>(Squaliformes: Centrophoridae): Part 2 \u2013 Description of two new species of <em>Centrophorus <\/em>and clarification of the status of <em>Centrophorus lusitanicus<\/em> Barbosa du Bocage &amp; de Brito Capello, 1864. Zootaxa 4344 (1): 086-114.<\/p>\n<p><strong>Books<\/strong><\/p>\n<p>Jabado, R.W., Kyne, P. M., Pollom, R. A., <strong>Ebert, D.A.<\/strong>, Simpfendorfer, C. A., Ralph, G.M., and Dulvy, N.K. (eds.) 2017. The Conservation Status of Sharks, Rays, and \u00a0 Chimaeras in the Arabian Sea and Adjacent Waters. Environment Agency \u2013 Abu \u00a0\u00a0\u00a0 Dhabi, UAE and IUCN Species Survival Commission Shark Specialist \u00a0\u00a0\u00a0\u00a0\u00a0\u00a0\u00a0\u00a0\u00a0\u00a0\u00a0 Group, Vancouver, Canada 236 p<\/p>\n<h2>2016<\/h2>\n<p><span style=\"font-weight: 400\">*Student (current and former) co-author names are <span style=\"text-decoration: underline\">underlined<\/span><\/span><\/p>\n<p>Weigmann, S., <strong>Ebert, D.A.<\/strong>,\u00a0 <span style=\"text-decoration: underline\">Clerkin, P.J.<\/span>, Stehmann, M., &amp; Naylor, G.J.P. 2016. <em>Bythaelurus bachi<\/em> n. sp., a new deep-water catshark (Carcharhiniformes, Scyliorhinidae) from the southwestern Indian Ocean. Zootaxa, 4208(5): 401-432.<\/p>\n<p><strong>Ebert, D.A.<\/strong>, Straube, N., Leslie, R.W. &amp; Weigmann, S. 2016. <em>Etmopterus alphus<\/em> n. sp.: a new lanternshark (Squaliformes: Etmopteridae) from the south-western Indian Ocean. African Journal of Marine Science, 38(3): 329-340.<\/p>\n<p><strong>Ebert, D.A.<\/strong> 2016. Sharks and rays of the Arabian\/Persian Gulf <em>by<\/em> D.K. Almojil, A.B. Moore, and W.T. White. Copeia 104 (1): 304.<\/p>\n<p><span style=\"text-decoration: underline\">Bigman, J.S.<\/span><strong>, <\/strong><span style=\"text-decoration: underline\">Knuckey, J.D.S.<\/span>, &amp; <strong>Ebert, D.A.<\/strong> 2016. Color aberrations in Chondrichthyan fishes: first records in the genus <em>Bathyraja<\/em> (Chondrichthyes: Rajiformes: Arhynchobatidae). Marine Biodiversity, 46(3): 579-587.<\/p>\n<p><span style=\"text-decoration: underline\">Clerkin, P.J.<\/span> &amp; <strong>Ebert, D.A.<\/strong> 2016. First southeastern Atlantic record of the false catshark, <em>Pseudotriakis microdon<\/em> (Carcharhiniformes: Pseudotriakidae). Marine Biodiversity, on-line first 20 October 2016<\/p>\n<p><span style=\"text-decoration: underline\">Concha, F.J.<\/span>, <strong>Ebert, D.A.<\/strong>, &amp; Long, D.J. 2016. <em>Notoraja martinezi <\/em>sp. nov., a new species of deepwater skate and the fist record of the genus <em>Notoraja<\/em> Ishiyama, 1958 (Rajiformes: Arhynchobatidae) from the eastern Pacific Ocean. Zootaxa, 4098(1): 179-190.<\/p>\n<p><span style=\"text-decoration: underline\">Haas, D.L.<\/span>, <strong>Ebert, D.A.<\/strong>, &amp; <strong>Cailliet, G.M.<\/strong> 2016. Comparative age and growth of the \u00a0 Aleutian skate, <em>Bathyraja aleutica<\/em>, from the eastern Bering Sea and Gulf of Alaska. Environmental Biology Fishes, on-line first 9 September 2016<\/p>\n<p><span style=\"text-decoration: underline\">Reichert, A.N.<\/span>, Lunsten, L., &amp; <strong>Ebert, D.A.<\/strong> 2016. First North Pacific records of the pointy nosed blue chimaera, <em>Hydrolagus <\/em>cf<em>. trolli <\/em>(Chondrichthyes: Chimaeriformes: Chimaeridae). Marine Biodiversity Records, 9:90, 5 p., published on-line 11 October 2016<\/p>\n<p><strong>Books<\/strong><\/p>\n<p><strong>Ebert, D.A.<\/strong> 2016. <em><a href=\"http:\/\/www.fao.org\/3\/a-i6389e.pdf\">Deep-sea Cartilaginous Fishes of the Southeastern Pacific Ocean<\/a><\/em>. FAO Species Catalogue for Fishery Purposes. Rome, Italy. FAO, 241 p.<\/p>\n<p><strong>Ebert, D.A.<\/strong> &amp; Mostarda, E. 2016. Gu\u00eda para la identificaci\u00f3n de peces cartilaginosos de aguas profundas del Oc\u00e9ano Pac\u00edfico Sudoriental. FishFinder Programme, FAO, Rome, Italy, 53 p.<\/p>\n<p><strong>Ebert, D.A.<\/strong> &amp; Mostarda, E. 2016. Identification guide to the deep-sea cartilaginous fishes of the Southeastern Pacific Ocean. FishFinder Programme, FAO, Rome, Italy, 53 p.<\/p>\n<p><strong>Ebert, D.A.<\/strong> &amp; Fowler, S. (Illustrations: M. Dando). 2016. Requins du monde. Delachaux et Niestl\u00e9, Paris 256 pp.<\/p>\n<\/div>\n\t\t<\/div><\/div><\/div><\/div>","protected":false},"excerpt":{"rendered":"<p>PSRC Publications 2016-2020 2019 *Student (current and former) co-author names are underlined Ebert, D.A. &amp; Leslie, R.W. 2019. Leucoraja elaineae n. sp., a new species of skate (Rajiformes: Rajidae) from the Western Indian Ocean. Zootaxa, 469(3): 225-234. Kuhnz, L.A., Bizzarro, J.J., &amp; Ebert, D.A. 2019. In situ observations of deep-living skates in the eastern North [&hellip;]<\/p>\n","protected":false},"author":252,"featured_media":0,"parent":0,"menu_order":0,"comment_status":"closed","ping_status":"closed","template":"","meta":{"footnotes":""},"categories":[],"tags":[],"class_list":["post-690","page","type-page","status-publish","hentry"],"distributor_meta":false,"distributor_terms":false,"distributor_media":false,"distributor_original_site_name":"Pacific Shark Research Center","distributor_original_site_url":"https:\/\/mlml.sjsu.edu\/psrc","push-errors":false,"_links":{"self":[{"href":"https:\/\/mlml.sjsu.edu\/psrc\/wp-json\/wp\/v2\/pages\/690","targetHints":{"allow":["GET"]}}],"collection":[{"href":"https:\/\/mlml.sjsu.edu\/psrc\/wp-json\/wp\/v2\/pages"}],"about":[{"href":"https:\/\/mlml.sjsu.edu\/psrc\/wp-json\/wp\/v2\/types\/page"}],"author":[{"embeddable":true,"href":"https:\/\/mlml.sjsu.edu\/psrc\/wp-json\/wp\/v2\/users\/252"}],"replies":[{"embeddable":true,"href":"https:\/\/mlml.sjsu.edu\/psrc\/wp-json\/wp\/v2\/comments?post=690"}],"version-history":[{"count":5,"href":"https:\/\/mlml.sjsu.edu\/psrc\/wp-json\/wp\/v2\/pages\/690\/revisions"}],"predecessor-version":[{"id":722,"href":"https:\/\/mlml.sjsu.edu\/psrc\/wp-json\/wp\/v2\/pages\/690\/revisions\/722"}],"wp:attachment":[{"href":"https:\/\/mlml.sjsu.edu\/psrc\/wp-json\/wp\/v2\/media?parent=690"}],"wp:term":[{"taxonomy":"category","embeddable":true,"href":"https:\/\/mlml.sjsu.edu\/psrc\/wp-json\/wp\/v2\/categories?post=690"},{"taxonomy":"post_tag","embeddable":true,"href":"https:\/\/mlml.sjsu.edu\/psrc\/wp-json\/wp\/v2\/tags?post=690"}],"curies":[{"name":"wp","href":"https:\/\/api.w.org\/{rel}","templated":true}]}}