{"id":353,"date":"2017-08-16T12:21:16","date_gmt":"2017-08-16T19:21:16","guid":{"rendered":"https:\/\/mlml.sjsu.edu\/phycology\/?page_id=353"},"modified":"2023-05-10T15:48:41","modified_gmt":"2023-05-10T22:48:41","slug":"lab-alumni","status":"publish","type":"page","link":"https:\/\/mlml.sjsu.edu\/phycology\/lab-alumni\/","title":{"rendered":"Lab Alumni"},"content":{"rendered":"<div id=\"pl-353\"  class=\"panel-layout\" ><div id=\"pg-353-0\"  class=\"panel-grid panel-no-style\" ><div id=\"pgc-353-0-0\"  class=\"panel-grid-cell\" ><div id=\"panel-353-0-0-0\" class=\"so-panel widget widget_sow-editor panel-first-child panel-last-child\" data-index=\"0\" ><div\n\t\t\t\n\t\t\tclass=\"so-widget-sow-editor so-widget-sow-editor-base\"\n\t\t\t\n\t\t>\n<div class=\"siteorigin-widget-tinymce textwidget\">\n\t<h1 id=\"page-title\" class=\"title\">Lab Alumni<\/h1>\n<div class=\"tabs\"><\/div>\n<div class=\"region region-content\">\n<div id=\"block-system-main\" class=\"block block-system\">\n<div class=\"content\">\n<div id=\"node-6\" class=\"node node-page node-full clearfix\">\n<div class=\"content clearfix\">\n<div class=\"field field-name-body field-type-text-with-summary field-label-hidden\">\n<div class=\"field-items\">\n<div class=\"field-item even\">\n<p><strong>This page contains links of emeritus faculty,\u00a0<\/strong><strong>visiting faculty,\u00a0<\/strong><strong>postdoctoral researchers,\u00a0<\/strong><strong>and\u00a0<\/strong><strong>former students\u00a0<\/strong><strong>affiliated with the Phycology Lab at Moss Landing Marine Labs<\/strong><strong>\u00a0<\/strong><strong>since 2003.\u00a0<\/strong><\/p>\n<h2>Emeritus Faculty:<\/h2>\n<p><strong>Michael S. Foster, Ph.D.<\/strong>, Professor Emeritus<\/p>\n<h2>Visiting Faculty:<\/h2>\n<p><strong>Sean Connell, Ph.D.<\/strong>, Lecturer, University of Adelaide [at MLML 2004-2006]<\/p>\n<p><strong>Alejandro Buschmann, Ph.D<\/strong><strong>.<\/strong>, Professor, Universidad de los Lagos [at MLML 2007]<\/p>\n<h2>Postdoctoral Researchers:<\/h2>\n<p><strong>Gage Dayton, Ph.D.<\/strong>, Postdoctoral Researcher [at MLML 2005-2007]<\/p>\n<p><strong>Bernat Hereu, Ph.D.<\/strong>, Fulbright Postdoctoral Fellow [at MLML 2006-2007]<\/p>\n<h2>Former Students:<\/h2>\n<\/div>\n<\/div>\n<\/div>\n<\/div>\n<\/div>\n<\/div>\n<\/div>\n<\/div>\n<p><strong>Laurie McConnico.\u00a0<\/strong>2003<strong>.<\/strong>\u00a0Demography of the intertidal kelp\u00a0<em>Alaria marginata<\/em>\u00a0along the Big Sur coast of California. San Jose State University.\u00a0<em>Currently faculty at Cuesta College<\/em><em>.<\/em><\/p>\n<p><strong>Michael D. Donnellan.\u00a0<\/strong>2004<strong>.<\/strong>\u00a0Spatial and temporal variability of kelp forest canopies in Central California. San Jose State University.\u00a0<em>National Parks Service.<\/em><\/p>\n<p><strong>Matthew Forrest.\u00a0<\/strong>2004. Ecology, geochemistry, and structural geology of a shallow-water hydrothermal vent in Bah\u00eda Concepci\u00f3n, Baja California Sur M\u00e9xico. California State University Monterey Bay.\u00a0<em>\u00a0PHD student at Scripps Institution of Oceanography.<\/em><\/p>\n<p><strong>Tim Schaadt.\u00a0<\/strong>2005. Patterns and cuases of variability in the cover, biomass, and total abundance of\u00a0<em>Ulva<\/em>\u00a0spp. in Elkhorn Slough, California. California State University Monterey Bay.<\/p>\n<p><strong>Brent Hughes.\u00a0<\/strong>2007. Effects of\u00a0<em>Egregia<\/em>\u00a0<em>menziesii<\/em>\u00a0populations on rocky intertidal benthic assemblages. California State University East Bay.\u00a0<em>Postdoctoral at UC Santa Cruz.<\/em><\/p>\n<p><strong>Diana Kohtio.\u00a0<\/strong>2008. Population biology of the invasive kelp\u00a0<em>Undaria pinnatifida<\/em>\u00a0in Monterey Harbor. San Jose State University.<\/p>\n<p><strong>Amber Szoboszlai.\u00a0<\/strong>2008. Positive and negative effects of intertidal macroalgal canopies on fucoid recruitment. San Jose State University.\u00a0<em>PHD at UC Davis.<\/em><\/p>\n<p><strong>Jennifer Jorve.\u00a0<\/strong>2008. Physical and biological consequences of morphological variability in a habitat-forming intertidal alga. San Jose State University.\u00a0<em>Currently PHD student at Univ Brit Columbia.<\/em><\/p>\n<p><strong>Aurora Alifano.\u00a0<\/strong>2008. Effects of algal drift on growth, survival, and reproduction of intertidal\u00a0<em>Strongylocentrotus<\/em>\u00a0<em>purpuratus<\/em>\u00a0populations in central California. San Jose State University.\u00a0<em>Island Restoration Specialist with Island Conservation<\/em>.<\/p>\n<p><strong>Max Overstrom-Coleman.<\/strong>\u00a02009. Spatio-temporal variability and ecological significance of macrophyte-derived particulate organic matter (POM) within and surrounding a central California giant kelp forest. San Jose State University.\u00a0<em>Currently PHD student at Dartmouth.<\/em><\/p>\n<p><strong>Kyle Demes.\u00a0<\/strong>2009. Storage and abiotic regulation of sexual v. vegetative reproduction in the clonal kelp,\u00a0<em>Laminaria sinclairii<\/em>. California State University, Monterey Bay.\u00a0<em>Currently PHD student at Univ Brit Columbia.<\/em><\/p>\n<p><strong>Megan Wehrenberg<\/strong>. 2009. Population dynamics and mechanisms for persistence of the red alga,\u00a0<em>Gracilariopsis<\/em>\u00a0<em>andersonii<\/em>, in central California. San Francisco State University.\u00a0\u00a0<em>Currently Reef Check North-Central California Regional Manager<\/em><strong>.<\/strong><\/p>\n<p><strong>Catalina Reyes<\/strong>. 2009. Effects of erosion on the distribution of subtidal communities in Elkhorn Slough, Monterey County, California. California State University, Fresno.\u00a0<em>Currently Research Biologist at Pacific Gas &amp; Electric<\/em>.<\/p>\n<p><strong>Rosemary Romero\u00a0<\/strong>. 2009. Recruitment strategies of\u00a0<em>Ulva<\/em>\u00a0and\u00a0<em>Porphyra<\/em>\u00a0in central<br \/>\nCalifornia. San Jose State University.\u00a0<em>PHD \u00a0at UC Berkeley.<\/em><\/p>\n<p><strong>Selena McMillan<\/strong>. 2010. Trophic interactions among\u00a0<em>Chlorostoma<\/em>\u00a0<em>brunnea<\/em>,\u00a0<em>Macrocystis<\/em>\u00a0<em>pyrifera<\/em>, and fungi. San Jose State University.\u00a0<em>PHD at Univ of Auckland.<\/em><\/p>\n<p><strong>Thew Suskiewicz<\/strong>. 2010. Effect of competition and dispersal on the recruitment of the annual kelp\u00a0<em>Nereocystis luetkeana.\u00a0<\/em>San Jose State University.\u00a0<em>PHD at Univ Laval.<\/em><\/p>\n<p><strong>Arley Muth<\/strong>. 2010. Effects of substrate rugosity on kelp recruitment. California State University, Monterey Bay<em>.<\/em><\/p>\n<p><strong>Sara Hutto<\/strong>. 2011. Differential recruitment of Postelsia palmaeformis across substrate types and potential facilitative effects of turfing algae. California State University, Monterey Bay.\u00a0<em>Currently California Seagrant Fellow<\/em>.<\/p>\n<p><strong>Sonya Sankaran<\/strong>. 2011. Effect of competition and dispersal on the recruitment of the annual kelp\u00a0<em>Nereocystis luetkeana.\u00a0<\/em>San Jose State University.\u00a0<em>Currently Senior Bilingual Education Specialist at Watch Program, Monterey Bay Aquarium<\/em>.<\/p>\n<p><strong>Brynn Hooton-Kaufman<\/strong>. 2011. Associations between fishes and the invasive kelp Undaria pinnatifida in Monterey Harbor, Monterey, CA. California State University, Monterey Bay.<\/p>\n<p><strong>Paul Tompkins<\/strong>. 2011. Distribution, growth, and disturbance of Catalina Island rhodoliths. San Jose State University.\u00a0<em>PhD at Leibniz Center for Tropical Marine Ecology<\/em>.<\/p>\n<p><strong>Mike Fox.\u00a0<\/strong>2013. Effects of biomass loss on growth and resource allocation in giant kelp, Macrocystis pyrifera. <em>Currently PhD student at Scripps institution of oceanography.\u00a0<\/em><\/p>\n<p><strong>Alexis Howard.\u00a0<\/strong>2014. Effect of temperature on sexual competition in kelps: Implications for range shifts in foundation species.<\/p>\n<p><strong>Scott Gabara.\u00a0<\/strong>2014. Community structure and energy flow within rhodolith habitats at Santa Catalina Island, CA. <em>Currently PhD student at San Diego State University.\u00a0<\/em><\/p>\n<p><strong>Jasmine Ruvalcaba<\/strong>. 2014.\u00a0Effects of depth, site, and season on phenotypic variation of the geniculate coralline, Calliarthron tuberculosum around the Monterey Peninsula, California.\u00a0<em>Currently laboratory tech at Moss Landing Marine Labs: biological oceanography lab.<\/em><\/p>\n<p><strong>Sarah Jeffries<\/strong>. 2015. Impact of individual and population-scale dynamics on growth and reproduction of two morphologies of Macrocystis in central California. <em>Currently assistant editor of the Journal of Phycology.\u00a0<\/em><\/p>\n<p><strong>Sara Worden<\/strong>. 2015. Effects of small-scale substrate complexity and heterogeneity on rocky intertidal species interactions.<\/p>\n<p><strong>Jarred Klosinski.\u00a0<\/strong>2015. Deposition, persistence, and utilization of kelp wrack along the central California coast. <em>Currently laboratory tech at Moss Landing Marine Labs: biological oceanography lab.<\/em><\/p>\n<p><strong>Heather Fulton-Bennett.\u00a0<\/strong>2016. Ecological and reproductive consequences of morphological variation in <em>Egregia menziesii.\u00a0<\/em><em>Currently PhD student at Oregon State University<\/em><\/p>\n<p><strong>Robert \"Bobby\" San Miguel.\u00a0<\/strong>2017. Gametophyte fitness and costs of self-fertilization in the giant kelp, <em>Macrocystis pyrifera.\u00a0<\/em><\/p>\n<p><strong>Mo Wise.\u00a0<\/strong>2017. Nutrient dynamics In tidally restricted regions of the Elkhorn Slough National Estuarine Research Reserve.<\/p>\n<p><strong>Angela Zepp.\u00a0<\/strong>2017. Factors driving demographic and temporal variability in pH of the acid weed, <i>Desmarestia herbacea<\/i><\/p>\n<p><strong>Stephan Bitterwolf.\u00a0<\/strong>2017. Physiological effects of nitrate, light, and intertidal position on the red seaweeds <em>Mazzaella flaccida<\/em> and <em>Mazzaella splendens.<\/em><\/p>\n<p><strong>Maria Suzanne Christensen.<\/strong> 2018. Chemical competition between microscopic stages of <em>Macrocystis pyrifera <\/em>and five native kelp species: does giant kelp always lose?<\/p>\n<p><strong>Cody Dawson.<\/strong> 2018. Phenology and the response to the disturbance of the fucoid, <em>Stephanocystis osmundacea.<\/em><\/p>\n<p><strong>Mar\u00eda Vila Dupl\u00e1. <\/strong>2019. Dynamics and ecological implications of the <em>Ulva-Zostera<\/em> ecotone in Elkhorn Slough, California.<\/p>\n<p><strong>Elizabeth Ramsay.<\/strong> 2019. Morphological variability within <em>Dictyoneurum californicum<\/em> and <em>Dictyoneurum<\/em> <em>reticulatum<\/em>\u00a0along a wave exposure gradient on the Monterey Peninsula.<\/p>\n<p><strong>Steven Cunningham. <\/strong>2019. Physical and biological consequences of giant kelp (<em>Macrocystis pyrifera<\/em>) removals within a central California kelp forest.<\/p>\n<p><strong>Lindsay Cooper.\u00a0<\/strong>2020. Effects of biomass loss on the seasonal variability in storage compounds of\u00a0<em>Pterygophora californica<\/em>.<\/p>\n<p><strong>Ann Bishop.\u00a0<\/strong>2021. Effects of temperature on competition between <em>Macrocystis pyrifera<\/em> and <em>Sargassum horneri<\/em>.<\/p>\n<p><strong>Acy Wood.\u00a0<\/strong>2022. Effects of habitat and temperature on reproductive success of <em>Fucus distichus <\/em>in central California.<\/p>\n<p><strong>Matthew Elliott.<\/strong><\/p>\n<p><strong>Emily Montgomery.<\/strong><\/p>\n<p><strong>Sean Fitch.<\/strong><\/p>\n<\/div>\n<\/div><\/div><\/div><\/div><\/div>","protected":false},"excerpt":{"rendered":"<p>Lab Alumni This page contains links of emeritus faculty,\u00a0visiting faculty,\u00a0postdoctoral researchers,\u00a0and\u00a0former students\u00a0affiliated with the Phycology Lab at Moss Landing Marine Labs\u00a0since 2003.\u00a0 Emeritus Faculty: Michael S. Foster, Ph.D., Professor Emeritus Visiting Faculty: Sean Connell, Ph.D., Lecturer, University of Adelaide [at MLML 2004-2006] Alejandro Buschmann, Ph.D., Professor, Universidad de los Lagos [at MLML 2007] Postdoctoral Researchers: [&hellip;]<\/p>\n","protected":false},"author":81,"featured_media":0,"parent":0,"menu_order":0,"comment_status":"closed","ping_status":"closed","template":"","meta":{"footnotes":""},"categories":[],"tags":[],"class_list":["post-353","page","type-page","status-publish","hentry"],"distributor_meta":false,"distributor_terms":false,"distributor_media":false,"distributor_original_site_name":"Phycology","distributor_original_site_url":"https:\/\/mlml.sjsu.edu\/phycology","push-errors":false,"_links":{"self":[{"href":"https:\/\/mlml.sjsu.edu\/phycology\/wp-json\/wp\/v2\/pages\/353","targetHints":{"allow":["GET"]}}],"collection":[{"href":"https:\/\/mlml.sjsu.edu\/phycology\/wp-json\/wp\/v2\/pages"}],"about":[{"href":"https:\/\/mlml.sjsu.edu\/phycology\/wp-json\/wp\/v2\/types\/page"}],"author":[{"embeddable":true,"href":"https:\/\/mlml.sjsu.edu\/phycology\/wp-json\/wp\/v2\/users\/81"}],"replies":[{"embeddable":true,"href":"https:\/\/mlml.sjsu.edu\/phycology\/wp-json\/wp\/v2\/comments?post=353"}],"version-history":[{"count":17,"href":"https:\/\/mlml.sjsu.edu\/phycology\/wp-json\/wp\/v2\/pages\/353\/revisions"}],"predecessor-version":[{"id":928,"href":"https:\/\/mlml.sjsu.edu\/phycology\/wp-json\/wp\/v2\/pages\/353\/revisions\/928"}],"wp:attachment":[{"href":"https:\/\/mlml.sjsu.edu\/phycology\/wp-json\/wp\/v2\/media?parent=353"}],"wp:term":[{"taxonomy":"category","embeddable":true,"href":"https:\/\/mlml.sjsu.edu\/phycology\/wp-json\/wp\/v2\/categories?post=353"},{"taxonomy":"post_tag","embeddable":true,"href":"https:\/\/mlml.sjsu.edu\/phycology\/wp-json\/wp\/v2\/tags?post=353"}],"curies":[{"name":"wp","href":"https:\/\/api.w.org\/{rel}","templated":true}]}}