{"id":2862,"date":"2022-02-27T11:47:56","date_gmt":"2022-02-27T19:47:56","guid":{"rendered":"https:\/\/mlml.sjsu.edu\/birdmam\/?page_id=2862"},"modified":"2023-04-07T12:38:11","modified_gmt":"2023-04-07T19:38:11","slug":"publications","status":"publish","type":"page","link":"https:\/\/mlml.sjsu.edu\/birdmam\/publications\/","title":{"rendered":"Publications"},"content":{"rendered":"<div id=\"pl-2862\"  class=\"panel-layout\" ><div id=\"pg-2862-0\"  class=\"panel-grid panel-no-style\" ><div id=\"pgc-2862-0-0\"  class=\"panel-grid-cell\" ><div id=\"panel-2862-0-0-0\" class=\"so-panel widget widget_sow-editor panel-first-child panel-last-child\" data-index=\"0\" ><div\n\t\t\t\n\t\t\tclass=\"so-widget-sow-editor so-widget-sow-editor-base\"\n\t\t\t\n\t\t>\n<div class=\"siteorigin-widget-tinymce textwidget\">\n\t<p>&nbsp;<\/p>\n<p>Peterson, S.E., Ackerman, J.T., Holser, R.R.,\u00a0<strong>McDonald<\/strong><strong>, B.I.<\/strong>, Costa, D.P., Crocker, D.E. Mercury bioaccumulation and cortisol interact to influence endocrine biomarkers in a free-ranging marine mammal.\u00a0<em>Environ. Sci. Technol.<\/em> 2023. DOI: 10.1021\/acs.est.2c08974<\/p>\n<p>Crocker, D.E., <strong>McDonald, B.I.<\/strong> Physiological Capacity and Constraint Impact Behavioral Phenotype in Phocid Seals. In: Costa, D.P., McHuron, E.A. (eds) <em>Ethology and Behavioral Ecology of Phocids. Ethology and Behavioral Ecology of Marine Mammals<\/em>. 2022. Springer, Cham.<\/p>\n<p><strong>Tackaberry, J.<\/strong>, Dobson, E., Flynn, K., Cheeseman, T., Calambokidis, J. Low resighting rates of entangled humpback whales within the California, Oregon, and Washington region based on photo-identification and long-term life history data. <em>Frontiers in Marine<\/em> <em>Science, <\/em>Vol 8. 2022.<\/p>\n<p><b>Madrigal, B.C.<\/b>, Crance, J.L., Berchok, C.L., Stimpert, A.K. Call repertoire and inferred ecotype presence of killer whales (Orcinus orca) recorded in the southeastern Chukchi Sea. Journal of the Acoustical Society of America. 150, 145-158. 2021.<\/p>\n<p><b>McDonald, B.I.,<\/b><span style=\"font-weight: 400\"> S.L. Elmegaard, M. Johnson, D.M. Wisniewska, L. Rojano-Donate, A. Galatius, U. Siebert, J. Teilmann, and P.T. Madsen. High heart rates in hunting porpoises. <\/span><i><span style=\"font-weight: 400\">Proceedings of the Royal Society B <\/span><\/i><span style=\"font-weight: 400\">288: 1962. <\/span><span style=\"font-weight: 400\">2021<\/span><\/p>\n<p><b>Cole, M.R<\/b><span style=\"font-weight: 400\">., J.A. Zeligs, S. Skrovan, and <\/span><b>B.I. McDonald<\/b><span style=\"font-weight: 400\">. Head-mounted accelerometry accurately detects prey capture in California sea lions. <\/span><i><span style=\"font-weight: 400\">Animal Biotelemetry<\/span><\/i><span style=\"font-weight: 400\"> 9: Article # 44. 2021<\/span><\/p>\n<p><span style=\"font-weight: 400\">Crocker D.E. and <\/span><b>B.I. McDonald<\/b><span style=\"font-weight: 400\">. Chapter 4: Physiological capacity and constraint impacts behavioral phenotype in phocid seals.\u00a0 In: Phocid Ethology. Eds. E. McHuron &amp; D.P. Costa. Ethology and Behavioral Ecology of Marine Mammals Series. Springer. Accepted.\u00a0\u00a0<\/span><\/p>\n<p><span style=\"font-weight: 400\">Elmegaard, S.L., <\/span><b>B.I. McDonald<\/b><span style=\"font-weight: 400\">, J.Teilmann, and P.T. Madsen. Heart rate and startle responses to transient noise exposure and sonar are decoupled in diving, captive harbour porpoises. <\/span><i><span style=\"font-weight: 400\">Biology Open<\/span><\/i><span style=\"font-weight: 400\"> 10:bio058679. 2021.<\/span><\/p>\n<p><span style=\"font-weight: 400\">Fahlman, A., K. Aoki, G. Bale, J. Brijs, K. Chon, C.K. Drummond, M. Fore, X. Manteca, <\/span><b>B.I. McDonald<\/b><span style=\"font-weight: 400\">, J.C. McKnight, K.Q. Sakamoto, I. Suzuki, M.J. Rivero, Y. Ropert-Coudert, D.M. Wisniewska. The new era of Physio-logging and their grand challenges. <\/span><i><span style=\"font-weight: 400\">Frontiers in Physiology<\/span><\/i><span style=\"font-weight: 400\">, DOI: 10.3389\/fphys.2021.669158. 2021.<\/span><\/p>\n<p><span style=\"font-weight: 400\">Kooyman, G.L., <\/span><b>B.I. McDonald<\/b><span style=\"font-weight: 400\">, C.L. Williams, J.U. Meir, and P.J. Ponganis. The aerobic dive limit: After 40 years, still rarely measured but commonly used. <\/span><i><span style=\"font-weight: 400\">Comparative Biochemistry and Physiology Part A<\/span><\/i><span style=\"font-weight: 400\"> 252: 110841. 2021.<\/span><\/p>\n<p><b>Harrington, K.J.<\/b><span style=\"font-weight: 400\">, J.A. Fahlbusch, R. Langrock, J.-F. Therrien, J.L. Houtz, and <\/span><b>B.I. McDonald<\/b><span style=\"font-weight: 400\">. Seasonal activity levels of a farm-island population of striated caracaras (<\/span><i><span style=\"font-weight: 400\">Phalcoboenus australis<\/span><\/i><span style=\"font-weight: 400\">) in the Falkland Islands. <\/span><i><span style=\"font-weight: 400\">Animal Biotelemetry <\/span><\/i><span style=\"font-weight: 400\">8: Article # <\/span><span style=\"font-weight: 400\">27. 2020.<\/span><\/p>\n<p><b>McDonald, B.I.<\/b><span style=\"font-weight: 400\">, M.S. Tift, L.A. H\u00fcckst\u00e4dt, M. Jeffko, and P.J. Ponganis. Stroke effort and relative lung volume influence heart rate in diving sea lions. <\/span><i><span style=\"font-weight: 400\">Journal of Experimental Biology<\/span><\/i> <span style=\"font-weight: 400\">223: jeb214163. 2020<\/span><\/p>\n<p><span style=\"font-weight: 400\">H\u00fcckst\u00e4dt, L.A., M.A. Pi\u00f1ones, D.M. Palacios, <\/span><b>B.I. McDonald<\/b><span style=\"font-weight: 400\">, M.S. Dinniman, E.E. Hofmann, J.M. Burns, D.E. Crocker and D.P. Costa. Predicted shift in the foraging strategy of the largest consumer of Antarctic krill, the crabeater seal, due to climate change in the western Antarctica Peninsula. <\/span><i><span style=\"font-weight: 400\">Nature Climate Change <\/span><\/i><span style=\"font-weight: 400\">10:472\u2013477. 2020.<\/span><\/p>\n<p><span style=\"font-weight: 400\">Hindell, M., R.R. Reisinger, Y. Ropert-Coubert, L.A. H\u00fcckst\u00e4dt, P.N. Trathan, H. Bornemann, J-B. Charrassin, D. P. Costa, \u2026, <\/span><b>B.I McDonald<\/b><span style=\"font-weight: 400\">, \u2026, B. Raymond (81 authors). Tracking predator communities to protect the Southern Ocean. <\/span><i><span style=\"font-weight: 400\">Nature <\/span><\/i><span style=\"font-weight: 400\">580:87\u201392. 2020.<\/span><\/p>\n<p><span style=\"font-weight: 400\">Ropert-Coubert, Y., Van de Putte, A., Reisinger, R., Bornemann, H., Charrassin, J., \u2026 Hindell, M. The retrospective analysis of Antarctic tracking data project. <\/span><i><span style=\"font-weight: 400\">Scientific Data<\/span><\/i><span style=\"font-weight: 400\">. 7, Article #: 94. 2020.<\/span><\/p>\n<p><strong>Tackaberry,\u00a0<\/strong><strong>J.E, <\/strong>Cade, D.E., Goldbogen, J.A., Wiley, D.N., Friedlaender, A.S., Stimpert, A.K. From a calf's perspective: humpback whale nursing behavior on two U.S. feeding grounds. <span class=\"self-citation-journal\">PeerJ<\/span>\u00a0<span class=\"self-citation-volume\">8<\/span>:<span class=\"self-citation-elocation\">e8538.<\/span><\/p>\n<p><span style=\"font-weight: 400\">Lauer, A., L. Palmer, C. Kloock, H.E.M. Liwanag, <\/span><b>B.I. McDonald<\/b><span style=\"font-weight: 400\">, C. Mulcahy, T. Norris, J. Mejia Mu\u00f1oz, <\/span><b>S. Hannah<\/b><span style=\"font-weight: 400\">, and S. Johnson. Survey for anti-Coccidioides antibodies in blood sera from California sea lions (<\/span><i><span style=\"font-weight: 400\">Zalophus californianus<\/span><\/i><span style=\"font-weight: 400\">) and northern fur seal pups (<\/span><i><span style=\"font-weight: 400\">Callorhinus ursinus<\/span><\/i><span style=\"font-weight: 400\">) that stranded along California\u2019s coast (2013-2015). <\/span><i><span style=\"font-weight: 400\">Western Wildlife <\/span><\/i><span style=\"font-weight: 400\">6:69-81. 2019.<\/span><\/p>\n<p><strong>Stimpert, A. K.<\/strong>,\u00a0<b>Madrigal, B. C<\/b>., Wakefield, W. W., &amp; Yoklavich, M. M. Acoustic influence of underwater mobile survey vehicles on the soundscape of Pacific rockfish habitat. The Journal of the Acoustical Society of America, 146(1), EL45-EL51. 2019.<\/p>\n<p><span style=\"font-weight: 400\">Horning, M., R.D. Andrews, A. Biship, P.L. Boveng, D.P. Costa, D.E. Crocker, M. Haulena, M. Hindell, A.G. Hindle, R.R. Holser, S.K. Hooker, L.A. H\u00fcckst\u00e4dt, S. Johnson1, M.-A. Lea, <\/span><b>B.I. McDonald<\/b><span style=\"font-weight: 400\">, C.R. McMahon, P.W. Robinson, R. Sattler, C.R. Shuert, S.M. Steingass, D. Thompson, P.A. Tuomi, C.L. Williams, and J.N. Womble. Best practice recommendations for the use of external telemetry devices on pinnipeds. <\/span><i><span style=\"font-weight: 400\">Animal Biotelemetry <\/span><\/i><span style=\"font-weight: 400\">7:20. 2019<\/span><\/p>\n<p><span style=\"font-weight: 400\">Elmegaard, S.L., <\/span><b>B.I. McDonald<\/b><span style=\"font-weight: 400\">, and P.T. Madsen. Drivers in diving heart rate in captive harbor porpoises (<\/span><i><span style=\"font-weight: 400\">Phocoena phocoena<\/span><\/i><span style=\"font-weight: 400\">). <\/span><i><span style=\"font-weight: 400\">Journal of Experimental Biology<\/span><\/i><span style=\"font-weight: 400\"> 222: jeb208637. 2019.<\/span><\/p>\n<p><span style=\"font-weight: 400\">Hooper, A.W., R.W. Burger, L.S. Rubin, <\/span><b>B.I. McDonald<\/b><span style=\"font-weight: 400\">, and D.E. Crocker. Maternal age influences offspring behavior and growth efficiency during provisioning in northern elephant seals (<\/span><i><span style=\"font-weight: 400\">Mirounga angustirostris<\/span><\/i><span style=\"font-weight: 400\">). <\/span><i><span style=\"font-weight: 400\">Animal Behavior<\/span><\/i><span style=\"font-weight: 400\"> 151: 121-130. 2019.<\/span><\/p>\n<p><span style=\"font-weight: 400\">Rojano-Donate, L., <\/span><b>B.I. McDonald<\/b><span style=\"font-weight: 400\">, D.M. Wisniewska, M. Johnson, J. Teilmann, M. Wahlberg, J.H. Kristensen, and P.T. Madsen. High field metabolic rates of wild harbor porpoises. <\/span><i><span style=\"font-weight: 400\">Journal of Experimental Biology<\/span><\/i><span style=\"font-weight: 400\"> 221:<\/span> <span style=\"font-weight: 400\">jeb.185827<\/span><span style=\"font-weight: 400\">. 2018.<\/span><\/p>\n<p><span style=\"font-weight: 400\">Kaczmarek J., C. Reichmuth, <\/span><b>B.I. McDonald<\/b><span style=\"font-weight: 400\">, J.H. Kristensen, J. Larson, F. Johansson, J. Sullivan, P.T. Madsen. Drivers of the dive response in pinnipeds; apnea, submergence or temperature. <\/span><i><span style=\"font-weight: 400\">Journal of Experimental Biology<\/span><\/i><span style=\"font-weight: 400\"> 221:\u00a0 jeb.176545. 2018.<\/span><\/p>\n<p><span style=\"font-weight: 400\">Goetz, K.T., <\/span><b>B.I. McDonald<\/b><span style=\"font-weight: 400\">, and G.L. Kooyman. Habitat preference and dive behavior of non-breeding emperor penguins in the eastern Ross Sea, Antarctica<\/span><i><span style=\"font-weight: 400\">. Marine Ecology Progress Series <\/span><\/i><span style=\"font-weight: 400\">509: 155-171. 2018.<\/span><\/p>\n<p><span style=\"font-weight: 400\">Fahlbusch, J. A., and <\/span><b>Harrington, K. J. <\/b><span style=\"font-weight: 400\">\u00a0A low-cost, open-source inertial movement GPS logger for eco-physiology applications. <\/span><i><span style=\"font-weight: 400\">Journal of Experimental Biology<\/span><\/i><span style=\"font-weight: 400\">, 222: jeb211136. 2018<\/span><\/p>\n<p><b>McDonald, B.I.<\/b><span style=\"font-weight: 400\">, M. Johnson, and P.T. Madsen. <\/span><span style=\"font-weight: 400\">Dive heart rate in harbour porpoises is influenced by exercise and expectations. <\/span><i><span style=\"font-weight: 400\">Journal of Experimental Biology<\/span><\/i><span style=\"font-weight: 400\"> 221: jeb.168740. 2018.<\/span><span style=\"font-weight: 400\">\u00a0<\/span><\/p>\n<p><b>Harrington, K.J.<\/b><span style=\"font-weight: 400\">, Pole-Evans, S., Reeves, M., Bechard, M., Bobowski, M., Barber, D.R., Rexer-Huber, K., Lecomte, N. and Bildstein, K.L. Seasonal micro-migration in a farm-island population of striated caracaras (<\/span><i><span style=\"font-weight: 400\">Phalcoboenus australis<\/span><\/i><span style=\"font-weight: 400\">) in the Falkland Islands. <\/span><i><span style=\"font-weight: 400\">Movement Ecology<\/span><\/i><span style=\"font-weight: 400\"> 6(1): 1-9. 2018.<\/span><\/p>\n<p><span style=\"font-weight: 400\">Hooker, S., S.E. Simmons, A. Stimpert, and <\/span><b>B.I. McDonald<\/b><span style=\"font-weight: 400\">. Equity and career-life balance in marine mammal science. <\/span><i><span style=\"font-weight: 400\">Marine Mammal Science<\/span><\/i><span style=\"font-weight: 400\"> 33: 955-965. 2017.<\/span><\/p>\n<p><span style=\"font-weight: 400\">Ponganis, P.J., <\/span><b>B.I. McDonald<\/b><span style=\"font-weight: 400\">, M.S. Tift, S.C. Gonzalez, B. DaValle, R.A. Gliniecki, C.C. Stehman, N. Hauff, B. Ruddick, and R. Howard. Effects of inhalational anesthesia on blood gases and pH in California sea lions. <\/span><i><span style=\"font-weight: 400\">Marine Mammal Science<\/span><\/i><span style=\"font-weight: 400\"> 33: 726-737. 2017.<\/span><\/p>\n<p><span style=\"font-weight: 400\">Tift, M.S., L.A. H\u00fcckst\u00e4dt, <\/span><b>B.I. McDonald<\/b><span style=\"font-weight: 400\">, P. Thorson, and P.J. Ponganis. Flipper stroke rate and venous oxygen levels in free-ranging California sea lions. <\/span><i><span style=\"font-weight: 400\">Journal of Experimental Biology<\/span><\/i><span style=\"font-weight: 400\"> 220: 1533-1540. 2017.<\/span><\/p>\n<p><span style=\"font-weight: 400\">Ponganis, P.J., <\/span><b>B.I. McDonald<\/b><span style=\"font-weight: 400\">, M.S. Tift, and C.L. Williams. Heart rate regulation in diving sea lions: the vagus nerve rules. <\/span><i><span style=\"font-weight: 400\">Journal of Experimental Biology<\/span><\/i><span style=\"font-weight: 400\"> 220: 1372-1382. 2017.<\/span><\/p>\n<p><span style=\"font-weight: 400\">Elmegaard, S.L., M. Johnson, P.T. Madsen, and <\/span><b>B.I. McDonald<\/b><span style=\"font-weight: 400\">. Cognitive control of heart rate in diving harbor porpoises. <\/span><i><span style=\"font-weight: 400\">Current Biology<\/span><\/i><span style=\"font-weight: 400\"> 26: R1175-R1176. 2016. (cover photo).<\/span><\/p>\n<p><span style=\"font-weight: 400\">Villegas-Amtmann, S., <\/span><b>B.I. McDonald<\/b><span style=\"font-weight: 400\">, D. Paez-Rosas, D. Aurioles-Gamboa, and D.P. Costa. Adapted to change: Low energy requirements in a low and unpredictable productivity environment, the case of the Galapagos sea lion. <\/span><i><span style=\"font-weight: 400\">Deep-Sea Research Part II<\/span><\/i><span style=\"font-weight: 400\"> 140: 94-104. 2016.<\/span><\/p>\n<p><span style=\"font-weight: 400\">Crocker, D.E. and <\/span><b>B.I. McDonald<\/b><span style=\"font-weight: 400\">. Chapter 10: Post-partum reproduction. In: Marine Mammal Physiology: Requisites for Ocean Living. Eds. M.A. Castellini &amp; J.A. Mellish. CRC Press, Boca Raton. 2015.<\/span><\/p>\n<p><span style=\"font-weight: 400\">Kooyman, G.L., <\/span><b>B.I. McDonald<\/b><span style=\"font-weight: 400\">, and K.T. Goetz. <\/span><span style=\"font-weight: 400\">Why do satellite transmitters on emperor penguins stop transmitting?\u00a0 <\/span><i><span style=\"font-weight: 400\">Animal Biotelemetry <\/span><\/i><span style=\"font-weight: 400\">3: 54. 2015.<\/span><\/p>\n<\/div>\n<\/div><\/div><\/div><\/div><\/div>","protected":false},"excerpt":{"rendered":"<p>&nbsp; Peterson, S.E., Ackerman, J.T., Holser, R.R.,\u00a0McDonald, B.I., Costa, D.P., Crocker, D.E. Mercury bioaccumulation and cortisol interact to influence endocrine biomarkers in a free-ranging marine mammal.\u00a0Environ. Sci. Technol. 2023. DOI: 10.1021\/acs.est.2c08974 Crocker, D.E., McDonald, B.I. Physiological Capacity and Constraint Impact Behavioral Phenotype in Phocid Seals. In: Costa, D.P., McHuron, E.A. (eds) Ethology and Behavioral Ecology [&hellip;]<\/p>\n","protected":false},"author":329,"featured_media":0,"parent":0,"menu_order":0,"comment_status":"closed","ping_status":"closed","template":"","meta":{"footnotes":""},"categories":[],"tags":[],"class_list":["post-2862","page","type-page","status-publish","hentry"],"distributor_meta":false,"distributor_terms":false,"distributor_media":false,"distributor_original_site_name":"Vertebrate Ecology Lab","distributor_original_site_url":"https:\/\/mlml.sjsu.edu\/birdmam","push-errors":false,"_links":{"self":[{"href":"https:\/\/mlml.sjsu.edu\/birdmam\/wp-json\/wp\/v2\/pages\/2862","targetHints":{"allow":["GET"]}}],"collection":[{"href":"https:\/\/mlml.sjsu.edu\/birdmam\/wp-json\/wp\/v2\/pages"}],"about":[{"href":"https:\/\/mlml.sjsu.edu\/birdmam\/wp-json\/wp\/v2\/types\/page"}],"author":[{"embeddable":true,"href":"https:\/\/mlml.sjsu.edu\/birdmam\/wp-json\/wp\/v2\/users\/329"}],"replies":[{"embeddable":true,"href":"https:\/\/mlml.sjsu.edu\/birdmam\/wp-json\/wp\/v2\/comments?post=2862"}],"version-history":[{"count":11,"href":"https:\/\/mlml.sjsu.edu\/birdmam\/wp-json\/wp\/v2\/pages\/2862\/revisions"}],"predecessor-version":[{"id":3280,"href":"https:\/\/mlml.sjsu.edu\/birdmam\/wp-json\/wp\/v2\/pages\/2862\/revisions\/3280"}],"wp:attachment":[{"href":"https:\/\/mlml.sjsu.edu\/birdmam\/wp-json\/wp\/v2\/media?parent=2862"}],"wp:term":[{"taxonomy":"category","embeddable":true,"href":"https:\/\/mlml.sjsu.edu\/birdmam\/wp-json\/wp\/v2\/categories?post=2862"},{"taxonomy":"post_tag","embeddable":true,"href":"https:\/\/mlml.sjsu.edu\/birdmam\/wp-json\/wp\/v2\/tags?post=2862"}],"curies":[{"name":"wp","href":"https:\/\/api.w.org\/{rel}","templated":true}]}}