{"id":363,"date":"2017-08-23T11:15:11","date_gmt":"2017-08-23T18:15:11","guid":{"rendered":"https:\/\/mlml.sjsu.edu\/biooce\/?page_id=363"},"modified":"2022-07-14T07:45:28","modified_gmt":"2022-07-14T14:45:28","slug":"publications","status":"publish","type":"page","link":"https:\/\/mlml.sjsu.edu\/biooce\/publications\/","title":{"rendered":"Publications"},"content":{"rendered":"<h1>Selected Publications<\/h1>\n<p>Here you will find selected relevant publications from the MLML Biological Oceanography lab, and from Dr. Sarah Smith. Prospective students who are developing their interest in Biological Oceanography are encouraged to review these publications to help evaluate whether the research being conducted may be a good fit for their interests.<\/p>\n<hr \/>\n<p>Buesseler, K, Leinen, M, Ramakrishna, K, Chai, F, <strong>Smith, S<\/strong>, Wells, M, Yoon, J. (29 June 2022). Why we need a code of conduct for ocean-based carbon dioxide removal. World Economic Forum. <a href=\"https:\/\/www.weforum.org\/agenda\/2022\/06\/ocean-carbon-dioxide-removal-code-of-conduct\/\">https:\/\/www.weforum.org\/agenda\/2022\/06\/ocean-carbon-dioxide-removal-code-of-conduct\/<\/a><\/p>\n<p><strong>Smith, SR<\/strong>, &amp; Allen, AE. &#8220;Comparative and Functional Genomics of Macronutrient Utilization in Marine Diatoms.&#8221; The Molecular Life of Diatoms, edited by T. Mock &amp; A. Falciatore. Springer, Cham. 2022. 529-566. <a href=\"https:\/\/link.springer.com\/chapter\/10.1007\/978-3-030-92499-7_19\">https:\/\/link.springer.com\/chapter\/10.1007\/978-3-030-92499-7_19<\/a><\/p>\n<p>Kumar, M, Zuniga, C, Tibocha-Bonilla, JD, <strong>Smith, SR<\/strong>, Coker, J, Allen, AE, &amp; Zengler, K . &#8220;Constraint-Based Modeling of Diatoms Metabolism and Quantitative Biology Approaches.&#8221; The Molecular Life of Diatoms, edited by T. Mock &amp; A. Falciatore. Springer, Cham. 2022. 775-808. <a href=\"https:\/\/link.springer.com\/chapter\/10.1007\/978-3-030-92499-7_26\">https:\/\/link.springer.com\/chapter\/10.1007\/978-3-030-92499-7_26<\/a><\/p>\n<p>Oliver, A, Podell, S, Pinowska, A, Traller, J, <strong>Smith, SR<\/strong>, McClure, R, Beliaev, A, Bohutskyi, P, Hill, E, Rabines, A, &amp; others. (2021). Diploid genomic architecture of <em>Nitzschia inconspicua<\/em>, an elite biomass production diatom. Scientific Reports 11(1): 1-14. <a href=\"https:\/\/doi.org\/10.1038\/s41598-021-95106-3\">https:\/\/doi.org\/10.1038\/s41598-021-95106-3<\/a><\/p>\n<p><strong>Smith, SR<\/strong>, Dupont, CL, McCarthy, JK, Broddrick, JT, Oborn\u00edk, M, Hor\u00e1k, A, F\u00fcssy, Z, Cihl\u00e1\u0159, J, Kleessen, S, Zheng, H, &amp; others. (2019). Evolution and regulation of nitrogen flux through compartmentalized metabolic networks in a marine diatom. Nature Communications, 10(1), 1\u201314. <a href=\"https:\/\/doi.org\/10.1038\/s41467-019-12407-y\">https:\/\/doi.org\/10.1038\/s41467-019-12407-y<\/a><\/p>\n<p>Broddrick, JT, Du, N, <strong>Smith, SR<\/strong>, Tsuji, Y, Jallet, D, Ware, MA, Peers, G, Matsuda, Y, Dupont, CL, Mitchell, BG, &amp; others. (2019). Cross-compartment metabolic coupling enables flexible photoprotective mechanisms in the diatom <em>Phaeodactylum tricornutum<\/em>. New Phytologist, 222, 1364\u20131379. <a href=\"https:\/\/doi.org\/10.1111\/nph.15685\">https:\/\/doi.org\/10.1111\/nph.15685<\/a><\/p>\n<p>McCarthy, JK, <strong>Smith, SR<\/strong>, McCrow, JP, Tan, M, Zheng, H, Beeri, K, Roth, R, Lichtle, C, Goodenough, U, Bowler, CP, &amp; others. (2017). Nitrate reductase knockout uncouples nitrate transport from nitrate assimilation and drives repartitioning of carbon flux in a model pennate diatom. The Plant Cell, 29(8), 2047\u20132070. <a href=\"https:\/\/doi.org\/10.1105\/tpc.16.00910\">https:\/\/doi.org\/10.1105\/tpc.16.00910<\/a><\/p>\n<p>Caron, DA, Alexander, H, Allen, AE, Archibald, JM, Armbrust, EV, Bachy, C, Bell, CJ, Bharti, A, Dyhrman, ST, Guida, SM, &amp; others. (2017). Probing the evolution, ecology and physiology of marine protists using transcriptomics. Nature Reviews Microbiology, 15(1), 6\u201320. <a href=\"https:\/\/doi.org\/10.1038\/nrmicro.2016.160\">https:\/\/doi.org\/10.1038\/nrmicro.2016.160<\/a><\/p>\n<p><strong>Smith, SR<\/strong>, Gillard, JT, Kustka, AB, McCrow, JP, Badger, JH, Zheng, H, New, AM, Dupont, CL, Obata, T, Fernie, AR, &amp; others. (2016). Transcriptional orchestration of the global cellular response of a model pennate diatom to diel light cycling under iron limitation. PLoS Genetics, 12(12), e1006490. <a href=\"https:\/\/doi.org\/10.1371\/journal.pgen.1006490\">https:\/\/doi.org\/10.1371\/journal.pgen.1006490<\/a><\/p>\n<p><strong>Smith, SR<\/strong>, Gl\u00e9, C, Abbriano, RM, Traller, JC, Davis, A, Trentacoste, E, Vernet, M, Allen, AE, &amp; Hildebrand, M. (2016). Transcript level coordination of carbon pathways during silicon starvation-induced lipid accumulation in the diatom <em>Thalassiosira pseudonana<\/em>. New Phytologist, 210(3), 890\u2013904. <a href=\"https:\/\/doi.org\/10.1111\/nph.13843\">https:\/\/doi.org\/10.1111\/nph.13843<\/a><\/p>\n<p>Keeling, PJ, Burki, F, Wilcox, HM, Allam, B, Allen, EE, Amaral-Zettler, LA, Armbrust, EV, Archibald, JM, Bharti, AK, Bell, CJ, <strong>&amp; others<\/strong>. (2014). The Marine Microbial Eukaryote Transcriptome Sequencing Project (MMETSP): Illuminating the functional diversity of eukaryotic life in the oceans through transcriptome sequencing. PLoS Biol, 12(6), e1001889. <a href=\"https:\/\/doi.org\/10.1371\/journal.pbio.1001889\">https:\/\/doi.org\/10.1371\/journal.pbio.1001889<\/a><\/p>\n<p>Trentacoste, EM, Shrestha, RP, <strong>Smith, SR<\/strong>, Gl\u00e9, C, Hartmann, AC, Hildebrand, M, &amp; Gerwick, WH. (2013). Metabolic engineering of lipid catabolism increases microalgal lipid accumulation without compromising growth. Proceedings of the National Academy of Sciences, 110(49), 19748\u201319753. <a href=\"https:\/\/doi.org\/10.1073\/pnas.1309299110\">https:\/\/doi.org\/10.1073\/pnas.1309299110<\/a><\/p>\n<p><strong>Smith, SR<\/strong>, Abbriano, RM, &amp; Hildebrand, M. (2012). Comparative analysis of diatom genomes reveals substantial differences in the organization of carbon partitioning pathways. Algal Research, 1(1), 2\u201316. <a href=\"https:\/\/doi.org\/10.1016\/j.algal.2012.04.00\">https:\/\/doi.org\/10.1016\/j.algal.2012.04.00<\/a><\/p>\n<p>Hildebrand, M, Davis, AK, <strong>Smith, SR<\/strong>, Traller, JC, &amp; Abbriano, R. (2012). The place of diatoms in the biofuels industry. Biofuels, 3(2), 221\u2013240. <a href=\"https:\/\/doi.org\/10.4155\/bfs.11.157\">https:\/\/doi.org\/10.4155\/bfs.11.157<\/a><\/p>\n<hr \/>\n<h6><i>For more articles by Dr. Sarah Smith, please <a href=\"https:\/\/scholar.google.com\/citations?user=HbY4N40AAAAJ&amp;hl=en\">click here.<\/a><\/i><\/h6>\n","protected":false},"excerpt":{"rendered":"<p>Selected Publications Here you will find selected relevant publications from the MLML Biological Oceanography lab, and from Dr. Sarah Smith. Prospective students who are developing their interest in Biological Oceanography are encouraged to review these publications to help evaluate whether the research being conducted may be a good fit for their interests. Buesseler, K, Leinen, [&hellip;]<\/p>\n","protected":false},"author":64,"featured_media":0,"parent":0,"menu_order":0,"comment_status":"closed","ping_status":"closed","template":"","meta":{"footnotes":""},"categories":[],"tags":[],"class_list":["post-363","page","type-page","status-publish","hentry"],"distributor_meta":false,"distributor_terms":false,"distributor_media":false,"distributor_original_site_name":"Biological Oceanography","distributor_original_site_url":"https:\/\/mlml.sjsu.edu\/biooce","push-errors":false,"_links":{"self":[{"href":"https:\/\/mlml.sjsu.edu\/biooce\/wp-json\/wp\/v2\/pages\/363","targetHints":{"allow":["GET"]}}],"collection":[{"href":"https:\/\/mlml.sjsu.edu\/biooce\/wp-json\/wp\/v2\/pages"}],"about":[{"href":"https:\/\/mlml.sjsu.edu\/biooce\/wp-json\/wp\/v2\/types\/page"}],"author":[{"embeddable":true,"href":"https:\/\/mlml.sjsu.edu\/biooce\/wp-json\/wp\/v2\/users\/64"}],"replies":[{"embeddable":true,"href":"https:\/\/mlml.sjsu.edu\/biooce\/wp-json\/wp\/v2\/comments?post=363"}],"version-history":[{"count":17,"href":"https:\/\/mlml.sjsu.edu\/biooce\/wp-json\/wp\/v2\/pages\/363\/revisions"}],"predecessor-version":[{"id":890,"href":"https:\/\/mlml.sjsu.edu\/biooce\/wp-json\/wp\/v2\/pages\/363\/revisions\/890"}],"wp:attachment":[{"href":"https:\/\/mlml.sjsu.edu\/biooce\/wp-json\/wp\/v2\/media?parent=363"}],"wp:term":[{"taxonomy":"category","embeddable":true,"href":"https:\/\/mlml.sjsu.edu\/biooce\/wp-json\/wp\/v2\/categories?post=363"},{"taxonomy":"post_tag","embeddable":true,"href":"https:\/\/mlml.sjsu.edu\/biooce\/wp-json\/wp\/v2\/tags?post=363"}],"curies":[{"name":"wp","href":"https:\/\/api.w.org\/{rel}","templated":true}]}}